{"id":6959,"date":"2017-12-21T20:40:41","date_gmt":"2017-12-21T19:40:41","guid":{"rendered":"http:\/\/stadtmusik-neustadt.de\/jugendkapelle\/?page_id=6959"},"modified":"2025-05-28T08:43:20","modified_gmt":"2025-05-28T06:43:20","slug":"dirigent","status":"publish","type":"page","link":"https:\/\/stadtmusik-neustadt.de\/jugendkapelle\/dirigent\/","title":{"rendered":"Dirigent"},"content":{"rendered":"\n<div class=\"wp-block-media-text is-stacked-on-mobile\" style=\"grid-template-columns:53% auto\"><figure class=\"wp-block-media-text__media\"><img loading=\"lazy\" decoding=\"async\" width=\"1024\" height=\"738\" src=\"https:\/\/stadtmusik-neustadt.de\/jugendkapelle\/wp-content\/uploads\/sites\/4\/2025\/05\/Fabi_JK23-1024x738.jpeg\" alt=\"\" class=\"wp-image-11383 size-full\" srcset=\"https:\/\/stadtmusik-neustadt.de\/jugendkapelle\/wp-content\/uploads\/sites\/4\/2025\/05\/Fabi_JK23-1024x738.jpeg 1024w, https:\/\/stadtmusik-neustadt.de\/jugendkapelle\/wp-content\/uploads\/sites\/4\/2025\/05\/Fabi_JK23-300x216.jpeg 300w, https:\/\/stadtmusik-neustadt.de\/jugendkapelle\/wp-content\/uploads\/sites\/4\/2025\/05\/Fabi_JK23-768x554.jpeg 768w, https:\/\/stadtmusik-neustadt.de\/jugendkapelle\/wp-content\/uploads\/sites\/4\/2025\/05\/Fabi_JK23.jpeg 1200w\" sizes=\"auto, (max-width: 1024px) 100vw, 1024px\" \/><\/figure><div class=\"wp-block-media-text__content\">\n<p>\ud83c\udfba <strong>Vom Blech zur Leitung<\/strong>&nbsp;\u2013 aus der<br>Trompetenreihe an das Dirigentenpult der Juka und Stadtmusik.<\/p>\n\n\n\n<p>\ud83d\udc65&nbsp;<strong>Teamplayer mit Taktgef\u00fchl<\/strong>&nbsp;\u2013 bekannt f\u00fcr seine motivierende Probenarbeit und seinen Humor.<\/p>\n\n\n\n<p>\ud83c\udf1f&nbsp;<strong>Kreativer Kopf<\/strong>&nbsp;\u2013 geht neue Wege und sorgt daf\u00fcr, dass es nie langweilig wird.<\/p>\n<\/div><\/div>\n\n\n\n<div style=\"height:22px\" aria-hidden=\"true\" class=\"wp-block-spacer\"><\/div>\n\n\n\n<p><strong>Fabian M\u00fcller<\/strong>&nbsp;absolvierte das Schulmusik-Studium und parallel dazu den Bachelor of Music mit dem Hauptfach Trompete bei Prof. Anthony Plog und Prof. Wim Van Hasselt an der Musikhochschule Freiburg. Des Weiteren studierte er das Verbreiterungsfach Jazz- und Popularmusik an der Musikhochschule Trossingen.<\/p>\n\n\n\n<p>W\u00e4hrend seiner Studienzeit besuchte er zahlreiche Meisterkurse f\u00fcr Trompete, bei denen er wichtige<br>k\u00fcnstlerische und p\u00e4dagogische Impulse u.a. von Reinhold Friedrich, Frits Damrow, Immanuel Richter und<br>Gabor Tark\u00f6vi erhielt.<\/p>\n\n\n\n<p>\u00dcber zwei Jahre erhielt er Unterrichtseinheiten bei Prof. Alex Schillings \u00fcber das Metafoor Studium f\u00fcr<br>Blasorchesterleitung in Staufen.<\/p>\n\n\n\n<p>Aktuell ist er als Dirigent, Ensembleleiter, Trompetenlehrer, Trompeter und Musikp\u00e4dagoge t\u00e4tig.<br>Bis heute leitet er verschiedene Bl\u00e4serklassenprojekte und Jugendblasorchester in der Region.<br>Von 2014 \u2013 2023 leitete er den Musikverein R\u00f6tenbach.<br>Seit September 2023 ist er der musikalische Leiter der Stadtmusik Neustadt.<\/p>\n\n\n<p>&nbsp;<\/p>\n<h4>&nbsp;<\/h4>\n<p>&nbsp;<\/p>","protected":false},"excerpt":{"rendered":"<p>\ud83c\udfba Vom Blech zur Leitung&nbsp;\u2013 aus derTrompetenreihe an das Dirigentenpult der Juka und Stadtmusik. \ud83d\udc65&nbsp;Teamplayer mit Taktgef\u00fchl&nbsp;\u2013 bekannt f\u00fcr seine motivierende Probenarbeit und seinen Humor. \ud83c\udf1f&nbsp;Kreativer Kopf&nbsp;\u2013 geht neue Wege [&hellip;]<\/p>\n","protected":false},"author":2,"featured_media":0,"parent":0,"menu_order":0,"comment_status":"closed","ping_status":"closed","template":"","meta":{"ngg_post_thumbnail":0,"footnotes":""},"class_list":["post-6959","page","type-page","status-publish","hentry"],"featured_image_src":null,"_links":{"self":[{"href":"https:\/\/stadtmusik-neustadt.de\/jugendkapelle\/wp-json\/wp\/v2\/pages\/6959","targetHints":{"allow":["GET"]}}],"collection":[{"href":"https:\/\/stadtmusik-neustadt.de\/jugendkapelle\/wp-json\/wp\/v2\/pages"}],"about":[{"href":"https:\/\/stadtmusik-neustadt.de\/jugendkapelle\/wp-json\/wp\/v2\/types\/page"}],"author":[{"embeddable":true,"href":"https:\/\/stadtmusik-neustadt.de\/jugendkapelle\/wp-json\/wp\/v2\/users\/2"}],"replies":[{"embeddable":true,"href":"https:\/\/stadtmusik-neustadt.de\/jugendkapelle\/wp-json\/wp\/v2\/comments?post=6959"}],"version-history":[{"count":9,"href":"https:\/\/stadtmusik-neustadt.de\/jugendkapelle\/wp-json\/wp\/v2\/pages\/6959\/revisions"}],"predecessor-version":[{"id":11378,"href":"https:\/\/stadtmusik-neustadt.de\/jugendkapelle\/wp-json\/wp\/v2\/pages\/6959\/revisions\/11378"}],"wp:attachment":[{"href":"https:\/\/stadtmusik-neustadt.de\/jugendkapelle\/wp-json\/wp\/v2\/media?parent=6959"}],"curies":[{"name":"wp","href":"https:\/\/api.w.org\/{rel}","templated":true}]}}